{"id":2198,"date":"2017-04-10T13:04:09","date_gmt":"2017-04-10T13:04:09","guid":{"rendered":"https:\/\/www.helping-minds.org\/contact\/"},"modified":"2023-01-24T12:42:21","modified_gmt":"2023-01-24T12:42:21","slug":"contact","status":"publish","type":"page","link":"https:\/\/www.helping-minds.org\/de\/contact\/","title":{"rendered":"Kontakt"},"content":{"rendered":"<p>[vc_row][vc_column width=&#8220;1\/2&#8243; css=&#8220;.vc_custom_1467214267244{padding-top: 10px !important;padding-bottom: 10px !important;}&#8220;]<div style=\"background-color:; height: 20px;\" class=\"nicdark_section  \"><\/div> <h3 style=\"color:; padding:px; text-align:; font-size:20px; line-height:20px; letter-spacing: px; font-weight:normal;\" class=\"   nd_options_first_font \">Kontaktieren Sie uns<\/h3> <div style=\"background-color:; height: 20px;\" class=\"nicdark_section  \"><\/div>[vc_column_text]Wenn Sie sich an einem unserer Wohlt\u00e4tigkeitsprojekte beteiligen oder mit der Helping Minds Foundation zusammenarbeiten m\u00f6chten, z\u00f6gern Sie bitte nicht uns zu kontaktieren.[\/vc_column_text]<div style=\"background-color:; height: 20px;\" class=\"nicdark_section  \"><\/div>\n\n    <style>\n\n    #nd_options_shortcode_cf7_2350 input[type=\"text\"],\n    #nd_options_shortcode_cf7_2350 input[type=\"email\"],\n    #nd_options_shortcode_cf7_2350 input[type=\"url\"],\n    #nd_options_shortcode_cf7_2350 input[type=\"tel\"],\n    #nd_options_shortcode_cf7_2350 input[type=\"number\"],\n    #nd_options_shortcode_cf7_2350 input[type=\"date\"],\n    #nd_options_shortcode_cf7_2350 input[type=\"checkbox\"],\n    #nd_options_shortcode_cf7_2350 input[type=\"file\"],\n    #nd_options_shortcode_cf7_2350 textarea,\n    #nd_options_shortcode_cf7_2350 label,\n    #nd_options_shortcode_cf7_2350 select\n    {\n\n      width: 100%;\n\n    }\n\n\n    .nd_options_customizer_forms span.wpcf7-not-valid-tip,\n    .nd_options_customizer_forms .wpcf7-response-output.wpcf7-validation-errors,\n    .nd_options_customizer_forms .wpcf7-response-output.wpcf7-mail-sent-ok\n    {\n\n      float: left;\n      width: 100%;\n      box-sizing: border-box;\n\n    }\n\n    <\/style>\n\n  \n\n    <!--start form-->\n    <div id=\"nd_options_shortcode_cf7_2350\" class=\"nd_options_section \">\n      \n      <div class=\"nd_options_section nd_options_box_sizing_border_box\">\n        <div role=\"form\" class=\"wpcf7\" id=\"wpcf7-f2350-o1\" lang=\"en-US\" dir=\"ltr\">\n<div class=\"screen-reader-response\"><p role=\"status\" aria-live=\"polite\" aria-atomic=\"true\"><\/p> <ul><\/ul><\/div>\n<form action=\"\/de\/wp-json\/wp\/v2\/pages\/2198#wpcf7-f2350-o1\" method=\"post\" class=\"wpcf7-form init\" novalidate=\"novalidate\" data-status=\"init\">\n<div style=\"display: none;\">\n<input type=\"hidden\" name=\"_wpcf7\" value=\"2350\" \/>\n<input type=\"hidden\" name=\"_wpcf7_version\" value=\"5.5.6\" \/>\n<input type=\"hidden\" name=\"_wpcf7_locale\" value=\"en_US\" \/>\n<input type=\"hidden\" name=\"_wpcf7_unit_tag\" value=\"wpcf7-f2350-o1\" \/>\n<input type=\"hidden\" name=\"_wpcf7_container_post\" value=\"0\" \/>\n<input type=\"hidden\" name=\"_wpcf7_posted_data_hash\" value=\"\" \/>\n<input type=\"hidden\" name=\"_wpcf7_recaptcha_response\" value=\"\" \/>\n<\/div>\n<p><label> Name (erforderlich)<br \/>\n    <span class=\"wpcf7-form-control-wrap your-name\"><input type=\"text\" name=\"your-name\" value=\"\" size=\"40\" class=\"wpcf7-form-control wpcf7-text wpcf7-validates-as-required\" aria-required=\"true\" aria-invalid=\"false\" \/><\/span> <\/label><\/p>\n<p><label> E-Mail (erforderlich)<br \/>\n    <span class=\"wpcf7-form-control-wrap your-email\"><input type=\"email\" name=\"your-email\" value=\"\" size=\"40\" class=\"wpcf7-form-control wpcf7-text wpcf7-email wpcf7-validates-as-required wpcf7-validates-as-email\" aria-required=\"true\" aria-invalid=\"false\" \/><\/span> <\/label><\/p>\n<p><label> Betreff<br \/>\n    <span class=\"wpcf7-form-control-wrap your-subject\"><input type=\"text\" name=\"your-subject\" value=\"\" size=\"40\" class=\"wpcf7-form-control wpcf7-text\" aria-invalid=\"false\" \/><\/span> <\/label><\/p>\n<p><label> Ihre Nachricht<br \/>\n    <span class=\"wpcf7-form-control-wrap your-message\"><textarea name=\"your-message\" cols=\"40\" rows=\"10\" class=\"wpcf7-form-control wpcf7-textarea\" aria-invalid=\"false\"><\/textarea><\/span> <\/label><\/p>\n<p><input type=\"submit\" value=\"Senden\" class=\"wpcf7-form-control has-spinner wpcf7-submit\" \/><\/p>\n<div class=\"wpcf7-response-output\" aria-hidden=\"true\"><\/div><\/form><\/div> \n      <\/div>  \n\n    <\/div>\n    <!--end form-->\n\n   [\/vc_column][vc_column width=&#8220;1\/2&#8243; css=&#8220;.vc_custom_1467214272039{padding-top: 10px !important;padding-bottom: 10px !important;}&#8220;]<div style=\"background-color:; height: 20px;\" class=\"nicdark_section  \"><\/div> <h3 style=\"color:; padding:px; text-align:; font-size:20px; line-height:20px; letter-spacing: px; font-weight:normal;\" class=\"   nd_options_first_font \">ADRESSE:<\/h3> <div style=\"background-color:; height: 20px;\" class=\"nicdark_section  \"><\/div>[vc_row_inner el_class=&#8220;contact_address&#8220;][vc_column_inner][vc_column_text]Helping Minds Foundation<br \/>\n2\/2053 Church Road,<br \/>\nThundathil P.O, Karyavattom,<br \/>\nThiruvananthapuram, Kerala,<br \/>\nIndien 695581[\/vc_column_text][\/vc_column_inner][\/vc_row_inner] <h3 style=\"color:#a3a3a3; padding:px; text-align:; font-size:15px; line-height:20px; letter-spacing: 2px; font-weight:lighter;\" class=\"   nd_options_first_font \">+91 471 2700615<\/h3>  <h3 style=\"color:#a3a3a3; padding:px; text-align:; font-size:15px; line-height:20px; letter-spacing: 0px; font-weight:lighter;\" class=\"  cntct_email nd_options_first_font \">contact@helping-minds.org<\/h3> [\/vc_column][\/vc_row]<\/p>\n","protected":false},"excerpt":{"rendered":"<p>[vc_row][vc_column width=&#8220;1\/2&#8243; css=&#8220;.vc_custom_1467214267244{padding-top: 10px !important;padding-bottom: 10px !important;}&#8220;][vc_column_text]Wenn Sie sich an einem unserer Wohlt\u00e4tigkeitsprojekte beteiligen oder mit der Helping Minds Foundation zusammenarbeiten m\u00f6chten, z\u00f6gern Sie bitte nicht uns zu kontaktieren.[\/vc_column_text][\/vc_column][vc_column width=&#8220;1\/2&#8243; css=&#8220;.vc_custom_1467214272039{padding-top: 10px !important;padding-bottom: 10px !important;}&#8220;][vc_row_inner el_class=&#8220;contact_address&#8220;][vc_column_inner][vc_column_text]Helping Minds Foundation 2\/2053 Church Road, Thundathil P.O, Karyavattom, Thiruvananthapuram, Kerala, Indien 695581[\/vc_column_text][\/vc_column_inner][\/vc_row_inner][\/vc_column][\/vc_row]<\/p>\n","protected":false},"author":1,"featured_media":0,"parent":0,"menu_order":0,"comment_status":"closed","ping_status":"closed","template":"","meta":[],"_links":{"self":[{"href":"https:\/\/www.helping-minds.org\/de\/wp-json\/wp\/v2\/pages\/2198"}],"collection":[{"href":"https:\/\/www.helping-minds.org\/de\/wp-json\/wp\/v2\/pages"}],"about":[{"href":"https:\/\/www.helping-minds.org\/de\/wp-json\/wp\/v2\/types\/page"}],"author":[{"embeddable":true,"href":"https:\/\/www.helping-minds.org\/de\/wp-json\/wp\/v2\/users\/1"}],"replies":[{"embeddable":true,"href":"https:\/\/www.helping-minds.org\/de\/wp-json\/wp\/v2\/comments?post=2198"}],"version-history":[{"count":8,"href":"https:\/\/www.helping-minds.org\/de\/wp-json\/wp\/v2\/pages\/2198\/revisions"}],"predecessor-version":[{"id":2444,"href":"https:\/\/www.helping-minds.org\/de\/wp-json\/wp\/v2\/pages\/2198\/revisions\/2444"}],"wp:attachment":[{"href":"https:\/\/www.helping-minds.org\/de\/wp-json\/wp\/v2\/media?parent=2198"}],"curies":[{"name":"wp","href":"https:\/\/api.w.org\/{rel}","templated":true}]}}